{"id":13,"date":"2022-08-18T22:51:09","date_gmt":"2022-08-18T22:51:09","guid":{"rendered":"https:\/\/toulouseweb.com.br\/3e\/?page_id=13"},"modified":"2022-08-22T17:51:26","modified_gmt":"2022-08-22T17:51:26","slug":"servicos","status":"publish","type":"page","link":"https:\/\/toulouseweb.com.br\/3e\/servicos\/","title":{"rendered":"Servicos"},"content":{"rendered":"<p>[vc_row color=&#8221;color4&#8243; bg_color=&#8221;&#8221;][vc_column width=&#8221;1\/1&#8243;]<h2 class=\"ish-sc-element ish-sc_headline\">SOLU\u00c7\u00d5ES E SERVI\u00c7OS<\/h2><div class=\"ish-sc-element ish-sc_image ish-center ish-fullwidth\"><img width=\"1047\" height=\"335\" src=\"https:\/\/toulouseweb.com.br\/3e\/wp-content\/uploads\/2022\/08\/atuamos.jpg\" class=\"attachment-full size-full\" alt=\"\" loading=\"lazy\" srcset=\"https:\/\/toulouseweb.com.br\/3e\/wp-content\/uploads\/2022\/08\/atuamos.jpg 1047w, https:\/\/toulouseweb.com.br\/3e\/wp-content\/uploads\/2022\/08\/atuamos-300x96.jpg 300w, https:\/\/toulouseweb.com.br\/3e\/wp-content\/uploads\/2022\/08\/atuamos-1024x328.jpg 1024w, https:\/\/toulouseweb.com.br\/3e\/wp-content\/uploads\/2022\/08\/atuamos-768x246.jpg 768w, https:\/\/toulouseweb.com.br\/3e\/wp-content\/uploads\/2022\/08\/atuamos-571x183.jpg 571w, https:\/\/toulouseweb.com.br\/3e\/wp-content\/uploads\/2022\/08\/atuamos-371x119.jpg 371w, https:\/\/toulouseweb.com.br\/3e\/wp-content\/uploads\/2022\/08\/atuamos-271x87.jpg 271w\" sizes=\"(max-width: 1047px) 100vw, 1047px\" \/><\/div>[\/vc_column][\/vc_row][vc_row color=&#8221;color4&#8243; bg_color=&#8221;&#8221;][vc_column width=&#8221;1\/1&#8243;]<div class=\"ish-sc-element ish-sc_image ish-left\"><img width=\"216\" height=\"9\" src=\"https:\/\/toulouseweb.com.br\/3e\/wp-content\/uploads\/2022\/08\/barra.jpg\" class=\"attachment-full size-full\" alt=\"\" loading=\"lazy\" srcset=\"https:\/\/toulouseweb.com.br\/3e\/wp-content\/uploads\/2022\/08\/barra.jpg 216w, https:\/\/toulouseweb.com.br\/3e\/wp-content\/uploads\/2022\/08\/barra-200x9.jpg 200w\" sizes=\"(max-width: 216px) 100vw, 216px\" \/><\/div>[vc_separator color=&#8221;white&#8221;]<h2 class=\"ish-sc-element ish-sc_headline ish-left\"><b>Gest\u00e3o de Campanhas e CLM (Customer Lifecycle Management)<\/b><\/h2>[vc_row_inner][vc_column_inner width=&#8221;1\/2&#8243;][vc_column_text]Os clientes esperam uma experi\u00eancia de compras relevante e consistente atrav\u00e9s dos m\u00faltiplos canais, onde o cliente tem uma necessidade e sabe exatamente seu hist\u00f3rico com a empresa esperando ser reconhecido, valorizado e atendido adequadamente.<\/p>\n<p>At\u00e9 onde se pode chegar? Para maximizar o valor empresa-cliente \u00e9 necess\u00e1ria uma abordagem peri\u00f3dica que identifica e indica a melhor abordagem atrav\u00e9s da explora\u00e7\u00e3o dos &#8220;momentos-chave&#8221; em cada contato com cada cliente.<\/p>\n<p>N\u00f3s possu\u00edmos uma metodologia pr\u00f3pria para a gest\u00e3o eficiente de campanhas, baseada em fundamentos econ\u00f4micos e no desenho cient\u00edfico de ofertas, como:<\/p>\n<p>\uf0fc Coleta, organiza\u00e7\u00e3o e an\u00e1lise de dados<br \/>\n\uf0fc Planejamento e defini\u00e7\u00e3o de objetivos<br \/>\n\uf0fc Desenho e execu\u00e7\u00e3o de campanhas, testes e pilotos<br \/>\n\uf0fc Gest\u00e3o de indicadores e direcionamento estrat\u00e9gico<br \/>\n\uf0fc Quantifica\u00e7\u00e3o do valor individual de cada cliente<br \/>\n\uf0fc Mensura\u00e7\u00e3o ampla de resultados, institucionalizando as aprendizagens<br \/>\n\uf0fc Identifica\u00e7\u00e3o de quick wins, melhores pr\u00e1ticas e seu lan\u00e7amento em grande escala<\/p>\n<p>O que eles n\u00e3o esperam \u00e9 serem surpreendidos, e isto \u00e9 o que a\u00a0<label><b>3e<\/b><\/label>\u00a0gosta de fazer !!![\/vc_column_text][\/vc_column_inner][vc_column_inner width=&#8221;1\/2&#8243;]<div class=\"ish-sc-element ish-sc_image ish-center ish-fullwidth\"><img width=\"500\" height=\"375\" src=\"https:\/\/toulouseweb.com.br\/3e\/wp-content\/uploads\/2022\/08\/CICLO2.jpg\" class=\"attachment-full size-full\" alt=\"\" loading=\"lazy\" srcset=\"https:\/\/toulouseweb.com.br\/3e\/wp-content\/uploads\/2022\/08\/CICLO2.jpg 500w, https:\/\/toulouseweb.com.br\/3e\/wp-content\/uploads\/2022\/08\/CICLO2-300x225.jpg 300w, https:\/\/toulouseweb.com.br\/3e\/wp-content\/uploads\/2022\/08\/CICLO2-371x278.jpg 371w, https:\/\/toulouseweb.com.br\/3e\/wp-content\/uploads\/2022\/08\/CICLO2-271x203.jpg 271w\" sizes=\"(max-width: 500px) 100vw, 500px\" \/><\/div>[\/vc_column_inner][\/vc_row_inner]<div class=\"ish-sc-element ish-sc_image ish-left\"><img width=\"216\" height=\"9\" src=\"https:\/\/toulouseweb.com.br\/3e\/wp-content\/uploads\/2022\/08\/barra.jpg\" class=\"attachment-full size-full\" alt=\"\" loading=\"lazy\" srcset=\"https:\/\/toulouseweb.com.br\/3e\/wp-content\/uploads\/2022\/08\/barra.jpg 216w, https:\/\/toulouseweb.com.br\/3e\/wp-content\/uploads\/2022\/08\/barra-200x9.jpg 200w\" sizes=\"(max-width: 216px) 100vw, 216px\" \/><\/div>[vc_separator color=&#8221;white&#8221;]<h2 class=\"ish-sc-element ish-sc_headline ish-left\"><b>Business Intelligence e Analytics<\/b><\/h2>[vc_row_inner][vc_column_inner width=&#8221;1\/2&#8243;]<div class=\"ish-sc-element ish-sc_image ish-center ish-fullwidth\"><img width=\"1340\" height=\"894\" src=\"https:\/\/toulouseweb.com.br\/3e\/wp-content\/uploads\/2022\/08\/EXPIRAL4.jpg\" class=\"attachment-full size-full\" alt=\"\" loading=\"lazy\" srcset=\"https:\/\/toulouseweb.com.br\/3e\/wp-content\/uploads\/2022\/08\/EXPIRAL4.jpg 1340w, https:\/\/toulouseweb.com.br\/3e\/wp-content\/uploads\/2022\/08\/EXPIRAL4-300x200.jpg 300w, https:\/\/toulouseweb.com.br\/3e\/wp-content\/uploads\/2022\/08\/EXPIRAL4-1024x683.jpg 1024w, https:\/\/toulouseweb.com.br\/3e\/wp-content\/uploads\/2022\/08\/EXPIRAL4-768x512.jpg 768w, https:\/\/toulouseweb.com.br\/3e\/wp-content\/uploads\/2022\/08\/EXPIRAL4-1170x781.jpg 1170w, https:\/\/toulouseweb.com.br\/3e\/wp-content\/uploads\/2022\/08\/EXPIRAL4-571x381.jpg 571w, https:\/\/toulouseweb.com.br\/3e\/wp-content\/uploads\/2022\/08\/EXPIRAL4-371x248.jpg 371w, https:\/\/toulouseweb.com.br\/3e\/wp-content\/uploads\/2022\/08\/EXPIRAL4-271x181.jpg 271w\" sizes=\"(max-width: 1340px) 100vw, 1340px\" \/><\/div>[\/vc_column_inner][vc_column_inner width=&#8221;1\/2&#8243;][vc_column_text]Seu sistema de informa\u00e7\u00f5es n\u00e3o precisa ser uma dor maior pra mant\u00ea-lo do que pra aproveitar as informa\u00e7\u00f5es que ele entrega.<\/p>\n<p>O objetivo central \u00e9 auxiliar na interpreta\u00e7\u00e3o e an\u00e1lise de dados e informa\u00e7\u00f5es, para identificar oportunidades ou riscos para sua empresa, utilizando ferramentas que transforam os dados brutos em relat\u00f3rios e dashboards gerenciais facilitando na tomada de decis\u00e3o.<\/p>\n<p>N\u00f3s sabemos desenvolver solu\u00e7\u00f5es \u00e1geis, criativas, intuitivas e autom\u00e1ticas para facilitar a gest\u00e3o de sua empresa![\/vc_column_text][\/vc_column_inner][\/vc_row_inner]<div class=\"ish-sc-element ish-sc_image ish-left\"><img width=\"216\" height=\"9\" src=\"https:\/\/toulouseweb.com.br\/3e\/wp-content\/uploads\/2022\/08\/barra.jpg\" class=\"attachment-full size-full\" alt=\"\" loading=\"lazy\" srcset=\"https:\/\/toulouseweb.com.br\/3e\/wp-content\/uploads\/2022\/08\/barra.jpg 216w, https:\/\/toulouseweb.com.br\/3e\/wp-content\/uploads\/2022\/08\/barra-200x9.jpg 200w\" sizes=\"(max-width: 216px) 100vw, 216px\" \/><\/div>[vc_separator color=&#8221;white&#8221;]<h2 class=\"ish-sc-element ish-sc_headline ish-left\"><b>Software House<\/b><\/h2>[vc_row_inner][vc_column_inner width=&#8221;1\/2&#8243;][vc_column_text]Nosso foco \u00e9 ajudar as empresas a estarem conectadas e mais preparadas com sistemas que auxiliam sua gest\u00e3o financeira, administrativa e o relacionamento com seu cliente.<\/p>\n<p>As nossas solu\u00e7\u00f5es permitem o melhor aproveitamento do tempo e redu\u00e7\u00e3o de processos manuais de nossos clientes atrav\u00e9s de um Sistemas de Gest\u00e3o pr\u00e1tico, intuitivo e acess\u00edvel 24h por dia, de onde estiver.<\/p>\n<p>Sabemos que software sozinho n\u00e3o faz milagres, por isso desenvolvemos solu\u00e7\u00f5es criativas, ajustadas \u00e0 necessidade de nossos parceiros de neg\u00f3cio<\/p>\n<p>E ensinamos a us\u00e1-las![\/vc_column_text][\/vc_column_inner][vc_column_inner width=&#8221;1\/2&#8243;]<div class=\"ish-sc-element ish-sc_image ish-center ish-fullwidth\"><img width=\"500\" height=\"375\" src=\"https:\/\/toulouseweb.com.br\/3e\/wp-content\/uploads\/2022\/08\/SH_servicos2.jpg\" class=\"attachment-full size-full\" alt=\"\" loading=\"lazy\" srcset=\"https:\/\/toulouseweb.com.br\/3e\/wp-content\/uploads\/2022\/08\/SH_servicos2.jpg 500w, https:\/\/toulouseweb.com.br\/3e\/wp-content\/uploads\/2022\/08\/SH_servicos2-300x225.jpg 300w, https:\/\/toulouseweb.com.br\/3e\/wp-content\/uploads\/2022\/08\/SH_servicos2-371x278.jpg 371w, https:\/\/toulouseweb.com.br\/3e\/wp-content\/uploads\/2022\/08\/SH_servicos2-271x203.jpg 271w\" sizes=\"(max-width: 500px) 100vw, 500px\" \/><\/div>[\/vc_column_inner][\/vc_row_inner]<div class=\"ish-sc-element ish-sc_image ish-left\"><img width=\"216\" height=\"9\" src=\"https:\/\/toulouseweb.com.br\/3e\/wp-content\/uploads\/2022\/08\/barra.jpg\" class=\"attachment-full size-full\" alt=\"\" loading=\"lazy\" srcset=\"https:\/\/toulouseweb.com.br\/3e\/wp-content\/uploads\/2022\/08\/barra.jpg 216w, https:\/\/toulouseweb.com.br\/3e\/wp-content\/uploads\/2022\/08\/barra-200x9.jpg 200w\" sizes=\"(max-width: 216px) 100vw, 216px\" \/><\/div>[vc_separator color=&#8221;white&#8221;]<h2 class=\"ish-sc-element ish-sc_headline ish-left\"><b>Servi\u00e7os Especializados HCL e Acoustic<\/b><\/h2>[vc_row_inner][vc_column_inner width=&#8221;1\/2&#8243;]<div class=\"ish-sc-element ish-sc_image ish-center ish-fullwidth\"><img width=\"1920\" height=\"1080\" src=\"https:\/\/toulouseweb.com.br\/3e\/wp-content\/uploads\/2022\/08\/HCL_UNICA5.jpg\" class=\"attachment-full size-full\" alt=\"\" loading=\"lazy\" srcset=\"https:\/\/toulouseweb.com.br\/3e\/wp-content\/uploads\/2022\/08\/HCL_UNICA5.jpg 1920w, https:\/\/toulouseweb.com.br\/3e\/wp-content\/uploads\/2022\/08\/HCL_UNICA5-300x169.jpg 300w, https:\/\/toulouseweb.com.br\/3e\/wp-content\/uploads\/2022\/08\/HCL_UNICA5-1024x576.jpg 1024w, https:\/\/toulouseweb.com.br\/3e\/wp-content\/uploads\/2022\/08\/HCL_UNICA5-768x432.jpg 768w, https:\/\/toulouseweb.com.br\/3e\/wp-content\/uploads\/2022\/08\/HCL_UNICA5-1536x864.jpg 1536w, https:\/\/toulouseweb.com.br\/3e\/wp-content\/uploads\/2022\/08\/HCL_UNICA5-1170x658.jpg 1170w, https:\/\/toulouseweb.com.br\/3e\/wp-content\/uploads\/2022\/08\/HCL_UNICA5-571x321.jpg 571w, https:\/\/toulouseweb.com.br\/3e\/wp-content\/uploads\/2022\/08\/HCL_UNICA5-371x209.jpg 371w, https:\/\/toulouseweb.com.br\/3e\/wp-content\/uploads\/2022\/08\/HCL_UNICA5-271x152.jpg 271w\" sizes=\"(max-width: 1920px) 100vw, 1920px\" \/><\/div>[\/vc_column_inner][vc_column_inner width=&#8221;1\/2&#8243;][vc_column_text]Equipe especializada com mais de 14 anos de experi\u00eancia pr\u00e1tica e aplicada em mais de 20 projetos no Brasil, Estados Unidos e outros pa\u00edses da Am\u00e9rica Latina.<\/p>\n<p>Utilizando-se da plataforma HCL Unica como os m\u00f3dulos Campaign, Plan, Journey, Deliver e Interact que s\u00e3o respons\u00e1veis por gest\u00e3o, segmenta\u00e7\u00e3o, planejamento, jornada e disparos de Campanhas em tempo real, como tamb\u00e9m a solu\u00e7\u00e3o Acoustic Campaign utilizada para segmentar e disparar as campanhas atrav\u00e9s dos diversos canais como SMS, E-mail, Push e Push-Inbox .[\/vc_column_text][\/vc_column_inner][\/vc_row_inner]<div class=\"ish-sc-element ish-sc_image ish-left\"><img width=\"216\" height=\"9\" src=\"https:\/\/toulouseweb.com.br\/3e\/wp-content\/uploads\/2022\/08\/barra.jpg\" class=\"attachment-full size-full\" alt=\"\" loading=\"lazy\" srcset=\"https:\/\/toulouseweb.com.br\/3e\/wp-content\/uploads\/2022\/08\/barra.jpg 216w, https:\/\/toulouseweb.com.br\/3e\/wp-content\/uploads\/2022\/08\/barra-200x9.jpg 200w\" sizes=\"(max-width: 216px) 100vw, 216px\" \/><\/div>[vc_separator color=&#8221;white&#8221;]<h2 class=\"ish-sc-element ish-sc_headline ish-left\"><b>Marketing Digital<\/b><\/h2>[vc_row_inner][vc_column_inner width=&#8221;1\/2&#8243;][vc_column_text]Os clientes esperam uma experi\u00eancia de compras relevante e consistente atrav\u00e9s dos m\u00faltiplos canais, onde o cliente tem uma necessidade e sabe exatamente seu hist\u00f3rico com a empresa esperando ser reconhecido, valorizado e atendido adequadamente.<\/p>\n<p>At\u00e9 onde se pode chegar? Para maximizar o valor empresa-cliente \u00e9 necess\u00e1ria uma abordagem peri\u00f3dica que identifica e indica a melhor abordagem atrav\u00e9s da explora\u00e7\u00e3o dos \u201cmomentos-chave\u201d em cada contato com cada cliente.<\/p>\n<p>N\u00f3s possu\u00edmos uma metodologia pr\u00f3pria para a gest\u00e3o eficiente de campanhas, baseada em fundamentos econ\u00f4micos e no desenho cient\u00edfico de ofertas, como:<\/p>\n<p>\uf0fc Coleta, organiza\u00e7\u00e3o e an\u00e1lise de dados<br \/>\n\uf0fc Planejamento e defini\u00e7\u00e3o de objetivos<br \/>\n\uf0fc Desenho e execu\u00e7\u00e3o de campanhas, testes e pilotos<br \/>\n\uf0fc Gest\u00e3o de indicadores e direcionamento estrat\u00e9gico<br \/>\n\uf0fc Quantifica\u00e7\u00e3o do valor individual de cada cliente<br \/>\n\uf0fc Mensura\u00e7\u00e3o ampla de resultados, institucionalizando as aprendizagens<br \/>\n\uf0fc Identifica\u00e7\u00e3o de quick wins, melhores pr\u00e1ticas e seu lan\u00e7amento em grande escala<\/p>\n<p>O que eles n\u00e3o esperam \u00e9 serem surpreendidos, e isto \u00e9 o que a\u00a0<label><b>3e<\/b><\/label>\u00a0gosta de fazer !!![\/vc_column_text][\/vc_column_inner][vc_column_inner width=&#8221;1\/2&#8243;]<div class=\"ish-sc-element ish-sc_image ish-center ish-fullwidth\"><img width=\"500\" height=\"370\" src=\"https:\/\/toulouseweb.com.br\/3e\/wp-content\/uploads\/2022\/08\/MIDIAS_SOCIAIS2.jpg\" class=\"attachment-full size-full\" alt=\"\" loading=\"lazy\" srcset=\"https:\/\/toulouseweb.com.br\/3e\/wp-content\/uploads\/2022\/08\/MIDIAS_SOCIAIS2.jpg 500w, https:\/\/toulouseweb.com.br\/3e\/wp-content\/uploads\/2022\/08\/MIDIAS_SOCIAIS2-300x222.jpg 300w, https:\/\/toulouseweb.com.br\/3e\/wp-content\/uploads\/2022\/08\/MIDIAS_SOCIAIS2-371x275.jpg 371w, https:\/\/toulouseweb.com.br\/3e\/wp-content\/uploads\/2022\/08\/MIDIAS_SOCIAIS2-271x201.jpg 271w\" sizes=\"(max-width: 500px) 100vw, 500px\" \/><\/div>[\/vc_column_inner][\/vc_row_inner]<div class=\"ish-sc-element ish-sc_image ish-left\"><img width=\"216\" height=\"9\" src=\"https:\/\/toulouseweb.com.br\/3e\/wp-content\/uploads\/2022\/08\/barra.jpg\" class=\"attachment-full size-full\" alt=\"\" loading=\"lazy\" srcset=\"https:\/\/toulouseweb.com.br\/3e\/wp-content\/uploads\/2022\/08\/barra.jpg 216w, https:\/\/toulouseweb.com.br\/3e\/wp-content\/uploads\/2022\/08\/barra-200x9.jpg 200w\" sizes=\"(max-width: 216px) 100vw, 216px\" \/><\/div>[vc_separator color=&#8221;white&#8221;]<h2 class=\"ish-sc-element ish-sc_headline ish-left\"><b>Hunting &amp; Aloca\u00e7\u00e3o de Especialistas<\/b><\/h2>[vc_row_inner][vc_column_inner width=&#8221;1\/2&#8243;]<div class=\"ish-sc-element ish-sc_image ish-center ish-fullwidth\"><img width=\"1428\" height=\"1080\" src=\"https:\/\/toulouseweb.com.br\/3e\/wp-content\/uploads\/2022\/08\/plataformas2.jpg\" class=\"attachment-full size-full\" alt=\"\" loading=\"lazy\" srcset=\"https:\/\/toulouseweb.com.br\/3e\/wp-content\/uploads\/2022\/08\/plataformas2.jpg 1428w, https:\/\/toulouseweb.com.br\/3e\/wp-content\/uploads\/2022\/08\/plataformas2-300x227.jpg 300w, https:\/\/toulouseweb.com.br\/3e\/wp-content\/uploads\/2022\/08\/plataformas2-1024x774.jpg 1024w, https:\/\/toulouseweb.com.br\/3e\/wp-content\/uploads\/2022\/08\/plataformas2-768x581.jpg 768w, https:\/\/toulouseweb.com.br\/3e\/wp-content\/uploads\/2022\/08\/plataformas2-1170x885.jpg 1170w, https:\/\/toulouseweb.com.br\/3e\/wp-content\/uploads\/2022\/08\/plataformas2-571x432.jpg 571w, https:\/\/toulouseweb.com.br\/3e\/wp-content\/uploads\/2022\/08\/plataformas2-371x281.jpg 371w, https:\/\/toulouseweb.com.br\/3e\/wp-content\/uploads\/2022\/08\/plataformas2-271x205.jpg 271w\" sizes=\"(max-width: 1428px) 100vw, 1428px\" \/><\/div>[\/vc_column_inner][vc_column_inner width=&#8221;1\/2&#8243;][vc_column_text]Realizamos Hunting para as empresas utilizando profissionais especialistas de mercado que avaliam tecnicamente os candidatos, atrav\u00e9s de testes baseados em situa\u00e7\u00f5es que simulem as condi\u00e7\u00f5es e cen\u00e1rios que ser\u00e3o enfrentadas para o atendimento \u00e0s empresas nas respectivas vagas almejadas.<\/p>\n<p>Aloca\u00e7\u00e3o de profissionais com a finalidade de atuar na opera\u00e7\u00e3o das aplica\u00e7\u00f5es podendo definir, especificar e desenvolver demandas recorrentes, ad-hoc, manuten\u00e7\u00f5es evolutivas ou novos desenvolvimentos de acordo com a necessidade de cada cliente.<\/p>\n<p>Conte com o apoio de especialistas multiplataforma para atuar e otimizar o ambiente sua empresa.[\/vc_column_text][\/vc_column_inner][\/vc_row_inner]<div class=\"ish-sc-element ish-sc_image ish-left\"><img width=\"216\" height=\"9\" src=\"https:\/\/toulouseweb.com.br\/3e\/wp-content\/uploads\/2022\/08\/barra.jpg\" class=\"attachment-full size-full\" alt=\"\" loading=\"lazy\" srcset=\"https:\/\/toulouseweb.com.br\/3e\/wp-content\/uploads\/2022\/08\/barra.jpg 216w, https:\/\/toulouseweb.com.br\/3e\/wp-content\/uploads\/2022\/08\/barra-200x9.jpg 200w\" sizes=\"(max-width: 216px) 100vw, 216px\" \/><\/div>[vc_separator color=&#8221;white&#8221;]<h2 class=\"ish-sc-element ish-sc_headline ish-left\"><b>Assessment e Diagn\u00f3sticos Estrat\u00e9gico<\/b><\/h2>[vc_row_inner][vc_column_inner width=&#8221;1\/2&#8243;][vc_column_text]Fazemos avalia\u00e7\u00e3o agn\u00f3stica e recomenda\u00e7\u00e3o de ferramentas e solu\u00e7\u00f5es de mercado para o atendimento das demandas corporativas.<\/p>\n<p>Recomendamos as solu\u00e7\u00f5es ponderando flexibilidade e capacidade, performance, custos de manuten\u00e7\u00e3o e de substitui\u00e7\u00e3o, escalabilidade, Infraestrutura, atualiza\u00e7\u00e3o tecnol\u00f3gica, prazo de implementa\u00e7\u00e3o, disponibilidade e custo de m\u00e3o-de-obra, de suporte e de treinamento.<\/p>\n<p>Nosso objetivo \u00e9 melhorar o desempenho do neg\u00f3cio das empresas ao ajud\u00e1-las na constru\u00e7\u00e3o de um modelo eficiente de opera\u00e7\u00e3o apoiada nas melhores pr\u00e1ticas e mais modernas tecnologias dispon\u00edveis.<\/p>\n<p>Entregamos um plano de a\u00e7\u00e3o para direcionar as tarefas de implanta\u00e7\u00e3o das solu\u00e7\u00f5es e para rentabilizar os ativos j\u00e1 existentes, para atender as necessidades atuais e manter o alinhamento aos objetivos futuros.[\/vc_column_text][\/vc_column_inner][vc_column_inner width=&#8221;1\/2&#8243;]<div class=\"ish-sc-element ish-sc_image ish-center ish-fullwidth\"><img width=\"192\" height=\"300\" src=\"https:\/\/toulouseweb.com.br\/3e\/wp-content\/uploads\/2022\/08\/Assessment-192x300.jpg\" class=\"attachment-medium size-medium\" alt=\"\" loading=\"lazy\" srcset=\"https:\/\/toulouseweb.com.br\/3e\/wp-content\/uploads\/2022\/08\/Assessment-192x300.jpg 192w, https:\/\/toulouseweb.com.br\/3e\/wp-content\/uploads\/2022\/08\/Assessment.jpg 234w\" sizes=\"(max-width: 192px) 100vw, 192px\" \/><\/div>[\/vc_column_inner][\/vc_row_inner][\/vc_column][\/vc_row]<\/p>\n","protected":false},"excerpt":{"rendered":"<p>[vc_row color=&#8221;color4&#8243; bg_color=&#8221;&#8221;][vc_column width=&#8221;1\/1&#8243;][\/vc_column][\/vc_row][vc_row color=&#8221;color4&#8243; bg_color=&#8221;&#8221;][vc_column width=&#8221;1\/1&#8243;][vc_separator color=&#8221;white&#8221;][vc_row_inner][vc_column_inner width=&#8221;1\/2&#8243;][vc_column_text]Os clientes esperam uma experi\u00eancia de compras relevante e consistente atrav\u00e9s dos m\u00faltiplos canais, onde o cliente tem uma necessidade e sabe exatamente seu hist\u00f3rico com a empresa esperando ser reconhecido, valorizado e atendido adequadamente. At\u00e9 onde se pode chegar? Para maximizar o valor empresa-cliente \u00e9 necess\u00e1ria [&hellip;]<\/p>\n","protected":false},"author":1,"featured_media":0,"parent":0,"menu_order":0,"comment_status":"closed","ping_status":"closed","template":"","meta":{"om_disable_all_campaigns":false,"_mi_skip_tracking":false},"aioseo_notices":[],"_links":{"self":[{"href":"https:\/\/toulouseweb.com.br\/3e\/wp-json\/wp\/v2\/pages\/13"}],"collection":[{"href":"https:\/\/toulouseweb.com.br\/3e\/wp-json\/wp\/v2\/pages"}],"about":[{"href":"https:\/\/toulouseweb.com.br\/3e\/wp-json\/wp\/v2\/types\/page"}],"author":[{"embeddable":true,"href":"https:\/\/toulouseweb.com.br\/3e\/wp-json\/wp\/v2\/users\/1"}],"replies":[{"embeddable":true,"href":"https:\/\/toulouseweb.com.br\/3e\/wp-json\/wp\/v2\/comments?post=13"}],"version-history":[{"count":5,"href":"https:\/\/toulouseweb.com.br\/3e\/wp-json\/wp\/v2\/pages\/13\/revisions"}],"predecessor-version":[{"id":81,"href":"https:\/\/toulouseweb.com.br\/3e\/wp-json\/wp\/v2\/pages\/13\/revisions\/81"}],"wp:attachment":[{"href":"https:\/\/toulouseweb.com.br\/3e\/wp-json\/wp\/v2\/media?parent=13"}],"curies":[{"name":"wp","href":"https:\/\/api.w.org\/{rel}","templated":true}]}}