{"id":15,"date":"2022-08-18T22:51:27","date_gmt":"2022-08-18T22:51:27","guid":{"rendered":"https:\/\/toulouseweb.com.br\/3e\/?page_id=15"},"modified":"2022-08-22T17:57:23","modified_gmt":"2022-08-22T17:57:23","slug":"clientes","status":"publish","type":"page","link":"https:\/\/toulouseweb.com.br\/3e\/clientes\/","title":{"rendered":"Clientes"},"content":{"rendered":"<p>[vc_row color=&#8221;color4&#8243; bg_color=&#8221;&#8221;][vc_column width=&#8221;1\/1&#8243;]<div class=\"ish-sc-element ish-sc_image ish-left\"><img width=\"216\" height=\"9\" src=\"https:\/\/toulouseweb.com.br\/3e\/wp-content\/uploads\/2022\/08\/barra.jpg\" class=\"attachment-full size-full\" alt=\"\" loading=\"lazy\" srcset=\"https:\/\/toulouseweb.com.br\/3e\/wp-content\/uploads\/2022\/08\/barra.jpg 216w, https:\/\/toulouseweb.com.br\/3e\/wp-content\/uploads\/2022\/08\/barra-200x9.jpg 200w\" sizes=\"(max-width: 216px) 100vw, 216px\" \/><\/div>[vc_separator color=&#8221;white&#8221;]<h2 class=\"ish-sc-element ish-sc_headline ish-left\">CLIENTES<\/h2>[vc_column_text]Somos um grupo de profissionais talentosos, com uma grande variedade de compet\u00eancias e vasta experi\u00eancia em projetos nas mais variadas ind\u00fastrias e segmentos.<\/p>\n<p>Temos verdadeira paix\u00e3o pelo que fazemos e por isso fazemos com excel\u00eancia, venha tamb\u00e9m fazer parte deste grupo seleto de parceiros de neg\u00f3cio.<\/p>\n<p>Contrate tranquilidade!!![\/vc_column_text]<div class=\"ish-sc-element ish-sc_image ish-left\"><img width=\"974\" height=\"1080\" src=\"https:\/\/toulouseweb.com.br\/3e\/wp-content\/uploads\/2022\/08\/clientes_3e_2020.jpg\" class=\"attachment-full size-full\" alt=\"\" loading=\"lazy\" srcset=\"https:\/\/toulouseweb.com.br\/3e\/wp-content\/uploads\/2022\/08\/clientes_3e_2020.jpg 974w, https:\/\/toulouseweb.com.br\/3e\/wp-content\/uploads\/2022\/08\/clientes_3e_2020-271x300.jpg 271w, https:\/\/toulouseweb.com.br\/3e\/wp-content\/uploads\/2022\/08\/clientes_3e_2020-923x1024.jpg 923w, https:\/\/toulouseweb.com.br\/3e\/wp-content\/uploads\/2022\/08\/clientes_3e_2020-768x852.jpg 768w, https:\/\/toulouseweb.com.br\/3e\/wp-content\/uploads\/2022\/08\/clientes_3e_2020-571x633.jpg 571w, https:\/\/toulouseweb.com.br\/3e\/wp-content\/uploads\/2022\/08\/clientes_3e_2020-371x411.jpg 371w\" sizes=\"(max-width: 974px) 100vw, 974px\" \/><\/div>[\/vc_column][\/vc_row]<\/p>\n","protected":false},"excerpt":{"rendered":"<p>[vc_row color=&#8221;color4&#8243; bg_color=&#8221;&#8221;][vc_column width=&#8221;1\/1&#8243;][vc_separator color=&#8221;white&#8221;][vc_column_text]Somos um grupo de profissionais talentosos, com uma grande variedade de compet\u00eancias e vasta experi\u00eancia em projetos nas mais variadas ind\u00fastrias e segmentos. Temos verdadeira paix\u00e3o pelo que fazemos e por isso fazemos com excel\u00eancia, venha tamb\u00e9m fazer parte deste grupo seleto de parceiros de neg\u00f3cio. Contrate tranquilidade!!![\/vc_column_text][\/vc_column][\/vc_row]<\/p>\n","protected":false},"author":1,"featured_media":0,"parent":0,"menu_order":0,"comment_status":"closed","ping_status":"closed","template":"","meta":{"om_disable_all_campaigns":false,"_mi_skip_tracking":false},"aioseo_notices":[],"_links":{"self":[{"href":"https:\/\/toulouseweb.com.br\/3e\/wp-json\/wp\/v2\/pages\/15"}],"collection":[{"href":"https:\/\/toulouseweb.com.br\/3e\/wp-json\/wp\/v2\/pages"}],"about":[{"href":"https:\/\/toulouseweb.com.br\/3e\/wp-json\/wp\/v2\/types\/page"}],"author":[{"embeddable":true,"href":"https:\/\/toulouseweb.com.br\/3e\/wp-json\/wp\/v2\/users\/1"}],"replies":[{"embeddable":true,"href":"https:\/\/toulouseweb.com.br\/3e\/wp-json\/wp\/v2\/comments?post=15"}],"version-history":[{"count":3,"href":"https:\/\/toulouseweb.com.br\/3e\/wp-json\/wp\/v2\/pages\/15\/revisions"}],"predecessor-version":[{"id":84,"href":"https:\/\/toulouseweb.com.br\/3e\/wp-json\/wp\/v2\/pages\/15\/revisions\/84"}],"wp:attachment":[{"href":"https:\/\/toulouseweb.com.br\/3e\/wp-json\/wp\/v2\/media?parent=15"}],"curies":[{"name":"wp","href":"https:\/\/api.w.org\/{rel}","templated":true}]}}