{"id":9,"date":"2022-08-18T22:50:14","date_gmt":"2022-08-18T22:50:14","guid":{"rendered":"https:\/\/toulouseweb.com.br\/3e\/?page_id=9"},"modified":"2022-08-19T18:32:10","modified_gmt":"2022-08-19T18:32:10","slug":"home","status":"publish","type":"page","link":"https:\/\/toulouseweb.com.br\/3e\/","title":{"rendered":"Home"},"content":{"rendered":"<p>[vc_row section=&#8221;yes&#8221; full_width=&#8221;full&#8221; bg_color=&#8221;&#8221;][vc_column width=&#8221;1\/1&#8243;]<div class=\"ish-sc-element ish-sc_slidable ish-slidable ish-nav-color1 ish-prevnext-color4 ish-nav-left\" id=\"ish-slidablesc-1\" data-autoslide=\"yes\" data-navigation=\"no\"><div class=\"ish-sc-element ish-sc_slide ish-slide ish-slide-content\"><p>[vc_row_inner][vc_column_inner width=&#8221;1\/1&#8243;]<div class=\"ish-sc-element ish-sc_image ish-center ish-fullwidth\"><a  href=\"https:\/\/toulouseweb.com.br\/3e\/servicos\/\" title=\"Servicos\"><img width=\"920\" height=\"247\" src=\"https:\/\/toulouseweb.com.br\/3e\/wp-content\/uploads\/2022\/08\/home_Carrocel11.jpg\" class=\"attachment-full size-full\" alt=\"\" loading=\"lazy\" srcset=\"https:\/\/toulouseweb.com.br\/3e\/wp-content\/uploads\/2022\/08\/home_Carrocel11.jpg 920w, https:\/\/toulouseweb.com.br\/3e\/wp-content\/uploads\/2022\/08\/home_Carrocel11-300x81.jpg 300w, https:\/\/toulouseweb.com.br\/3e\/wp-content\/uploads\/2022\/08\/home_Carrocel11-768x206.jpg 768w, https:\/\/toulouseweb.com.br\/3e\/wp-content\/uploads\/2022\/08\/home_Carrocel11-571x153.jpg 571w, https:\/\/toulouseweb.com.br\/3e\/wp-content\/uploads\/2022\/08\/home_Carrocel11-371x100.jpg 371w, https:\/\/toulouseweb.com.br\/3e\/wp-content\/uploads\/2022\/08\/home_Carrocel11-271x73.jpg 271w\" sizes=\"(max-width: 920px) 100vw, 920px\" \/><\/a><\/div>[\/vc_column_inner][\/vc_row_inner]<\/p>\n<\/div><div class=\"ish-sc-element ish-sc_slide ish-slide ish-slide-content\"><p>[vc_row_inner][vc_column_inner width=&#8221;1\/1&#8243;]<div class=\"ish-sc-element ish-sc_image ish-center ish-fullwidth\"><a  href=\"https:\/\/toulouseweb.com.br\/3e\/clientes\/\" title=\"Servicos\"><img width=\"920\" height=\"249\" src=\"https:\/\/toulouseweb.com.br\/3e\/wp-content\/uploads\/2022\/08\/home_Carrocel333.jpg\" class=\"attachment-full size-full\" alt=\"\" loading=\"lazy\" srcset=\"https:\/\/toulouseweb.com.br\/3e\/wp-content\/uploads\/2022\/08\/home_Carrocel333.jpg 920w, https:\/\/toulouseweb.com.br\/3e\/wp-content\/uploads\/2022\/08\/home_Carrocel333-300x81.jpg 300w, https:\/\/toulouseweb.com.br\/3e\/wp-content\/uploads\/2022\/08\/home_Carrocel333-768x208.jpg 768w, https:\/\/toulouseweb.com.br\/3e\/wp-content\/uploads\/2022\/08\/home_Carrocel333-571x155.jpg 571w, https:\/\/toulouseweb.com.br\/3e\/wp-content\/uploads\/2022\/08\/home_Carrocel333-371x100.jpg 371w, https:\/\/toulouseweb.com.br\/3e\/wp-content\/uploads\/2022\/08\/home_Carrocel333-271x73.jpg 271w\" sizes=\"(max-width: 920px) 100vw, 920px\" \/><\/a><\/div>[\/vc_column_inner][\/vc_row_inner]<\/p>\n<\/div><div class=\"ish-sc-element ish-sc_slide ish-slide ish-slide-content\"><p>[vc_row_inner][vc_column_inner width=&#8221;1\/1&#8243;]<div class=\"ish-sc-element ish-sc_image ish-center ish-fullwidth\"><a  href=\"https:\/\/toulouseweb.com.br\/3e\/servicos\/\" title=\"Servicos\"><img width=\"920\" height=\"247\" src=\"https:\/\/toulouseweb.com.br\/3e\/wp-content\/uploads\/2022\/08\/home_Carrocel22.jpg\" class=\"attachment-full size-full\" alt=\"\" loading=\"lazy\" srcset=\"https:\/\/toulouseweb.com.br\/3e\/wp-content\/uploads\/2022\/08\/home_Carrocel22.jpg 920w, https:\/\/toulouseweb.com.br\/3e\/wp-content\/uploads\/2022\/08\/home_Carrocel22-300x81.jpg 300w, https:\/\/toulouseweb.com.br\/3e\/wp-content\/uploads\/2022\/08\/home_Carrocel22-768x206.jpg 768w, https:\/\/toulouseweb.com.br\/3e\/wp-content\/uploads\/2022\/08\/home_Carrocel22-571x153.jpg 571w, https:\/\/toulouseweb.com.br\/3e\/wp-content\/uploads\/2022\/08\/home_Carrocel22-371x100.jpg 371w, https:\/\/toulouseweb.com.br\/3e\/wp-content\/uploads\/2022\/08\/home_Carrocel22-271x73.jpg 271w\" sizes=\"(max-width: 920px) 100vw, 920px\" \/><\/a><\/div>[\/vc_column_inner][\/vc_row_inner]<\/p>\n<\/div><div class=\"ish-sc-element ish-sc_slide ish-slide ish-slide-content\"><p>[vc_row_inner][vc_column_inner width=&#8221;1\/1&#8243;]<div class=\"ish-sc-element ish-sc_image ish-center ish-fullwidth\"><a  href=\"https:\/\/toulouseweb.com.br\/3e\/clientes\/\" title=\"Servicos\"><img width=\"920\" height=\"250\" src=\"https:\/\/toulouseweb.com.br\/3e\/wp-content\/uploads\/2022\/08\/home_Carrocel444.jpg\" class=\"attachment-full size-full\" alt=\"\" loading=\"lazy\" srcset=\"https:\/\/toulouseweb.com.br\/3e\/wp-content\/uploads\/2022\/08\/home_Carrocel444.jpg 920w, https:\/\/toulouseweb.com.br\/3e\/wp-content\/uploads\/2022\/08\/home_Carrocel444-300x82.jpg 300w, https:\/\/toulouseweb.com.br\/3e\/wp-content\/uploads\/2022\/08\/home_Carrocel444-768x209.jpg 768w, https:\/\/toulouseweb.com.br\/3e\/wp-content\/uploads\/2022\/08\/home_Carrocel444-571x155.jpg 571w, https:\/\/toulouseweb.com.br\/3e\/wp-content\/uploads\/2022\/08\/home_Carrocel444-371x101.jpg 371w, https:\/\/toulouseweb.com.br\/3e\/wp-content\/uploads\/2022\/08\/home_Carrocel444-271x74.jpg 271w\" sizes=\"(max-width: 920px) 100vw, 920px\" \/><\/a><\/div>[\/vc_column_inner][\/vc_row_inner]<\/p>\n<\/div>\n<\/div>[\/vc_column][\/vc_row][vc_row section=&#8221;yes&#8221; full_width=&#8221;padding&#8221; color=&#8221;color3&#8243; text_color=&#8221;color1&#8243; bg_color=&#8221;&#8221;][vc_column width=&#8221;2\/3&#8243;]<div class=\"ish-sc-element ish-sc_divider\"><\/div>[vc_column_text]Somos uma equipe com vasta\u00a0<label><b>Experi\u00eancia<\/b><\/label>\u00a0em implanta\u00e7\u00f5es de solu\u00e7\u00f5es de\u00a0<label><b>CRM, BI<\/b><\/label>\u00a0e\u00a0<label><b>Gest\u00e3o de Campanhas<\/b><\/label> no BRASIL, EUA e outros pa\u00edses da AM\u00c9RICA LATINA.[\/vc_column_text][\/vc_column][vc_column width=&#8221;1\/3&#8243;]<div class=\"ish-sc-element ish-sc_divider\"><\/div><a class=\"ish-sc-element ish-sc_button ish-big ish-color11 ish-text-color4 ish-fullwidth ish-center\" href=\"https:\/\/toulouseweb.com.br\/3e\/sobre\/\" title=\"Sobre\">SAIBA MAIS<span class=\"ish-icon ish-right\"><span class=\"ish-icon-right-open\"><\/span><\/span><\/a>[\/vc_column][\/vc_row][vc_row section=&#8221;yes&#8221; full_width=&#8221;padding&#8221; color=&#8221;color4&#8243; bg_color=&#8221;&#8221;][vc_column width=&#8221;1\/3&#8243;]<h1 class=\"ish-sc-element ish-sc_headline\"><\/p>\n<h3 style=\"text-align: center;\">Business Inteligence<\/h3>\n<p><\/h1><div class=\"ish-sc-element ish-sc_image ish-center ish-fullwidth\"><img width=\"987\" height=\"701\" src=\"https:\/\/toulouseweb.com.br\/3e\/wp-content\/uploads\/2022\/08\/img_BI_home.jpg\" class=\"attachment-full size-full\" alt=\"\" loading=\"lazy\" srcset=\"https:\/\/toulouseweb.com.br\/3e\/wp-content\/uploads\/2022\/08\/img_BI_home.jpg 987w, https:\/\/toulouseweb.com.br\/3e\/wp-content\/uploads\/2022\/08\/img_BI_home-300x213.jpg 300w, https:\/\/toulouseweb.com.br\/3e\/wp-content\/uploads\/2022\/08\/img_BI_home-768x545.jpg 768w, https:\/\/toulouseweb.com.br\/3e\/wp-content\/uploads\/2022\/08\/img_BI_home-571x406.jpg 571w, https:\/\/toulouseweb.com.br\/3e\/wp-content\/uploads\/2022\/08\/img_BI_home-371x263.jpg 371w, https:\/\/toulouseweb.com.br\/3e\/wp-content\/uploads\/2022\/08\/img_BI_home-271x192.jpg 271w\" sizes=\"(max-width: 987px) 100vw, 987px\" \/><\/div>[vc_column_text]Que tal ter um sistema de informa\u00e7\u00f5es simples, \u00e1gil e f\u00e1cil de usar, mas que te traga todas as informa\u00e7\u00f5es realmente relevantes pra tomar decis\u00f5es?<\/p>\n<p>Analisamos a efici\u00eancia e potencial de alavancagem para responder \u00e0s oportunidades do mercado.[\/vc_column_text][\/vc_column][vc_column width=&#8221;1\/3&#8243;]<h1 class=\"ish-sc-element ish-sc_headline\"><\/p>\n<h3 style=\"text-align: center;\">Gest\u00e3o de Campanhas<\/h3>\n<p><\/h1><div class=\"ish-sc-element ish-sc_image ish-center ish-fullwidth\"><img width=\"987\" height=\"701\" src=\"https:\/\/toulouseweb.com.br\/3e\/wp-content\/uploads\/2022\/08\/quadro2.jpg\" class=\"attachment-full size-full\" alt=\"\" loading=\"lazy\" srcset=\"https:\/\/toulouseweb.com.br\/3e\/wp-content\/uploads\/2022\/08\/quadro2.jpg 987w, https:\/\/toulouseweb.com.br\/3e\/wp-content\/uploads\/2022\/08\/quadro2-300x213.jpg 300w, https:\/\/toulouseweb.com.br\/3e\/wp-content\/uploads\/2022\/08\/quadro2-768x545.jpg 768w, https:\/\/toulouseweb.com.br\/3e\/wp-content\/uploads\/2022\/08\/quadro2-571x406.jpg 571w, https:\/\/toulouseweb.com.br\/3e\/wp-content\/uploads\/2022\/08\/quadro2-371x263.jpg 371w, https:\/\/toulouseweb.com.br\/3e\/wp-content\/uploads\/2022\/08\/quadro2-271x192.jpg 271w\" sizes=\"(max-width: 987px) 100vw, 987px\" \/><\/div>[vc_column_text]Realizar gest\u00e3o de campanhas eficiente depende do fortalecimento de algumas capacidades organizacionais atrav\u00e9s de uma s\u00e9rie de dimens\u00f5es.<\/p>\n<p>A 3e possui uma metodologia pr\u00f3pria para a gest\u00e3o eficiente de campanhas.[\/vc_column_text][\/vc_column][vc_column width=&#8221;1\/3&#8243;]<h1 class=\"ish-sc-element ish-sc_headline\"><\/p>\n<h3 style=\"text-align: center;\">Software House<\/h3>\n<p><\/h1><div class=\"ish-sc-element ish-sc_image ish-center ish-fullwidth\"><img width=\"987\" height=\"701\" src=\"https:\/\/toulouseweb.com.br\/3e\/wp-content\/uploads\/2022\/08\/img_SH1_home.jpg\" class=\"attachment-full size-full\" alt=\"\" loading=\"lazy\" srcset=\"https:\/\/toulouseweb.com.br\/3e\/wp-content\/uploads\/2022\/08\/img_SH1_home.jpg 987w, https:\/\/toulouseweb.com.br\/3e\/wp-content\/uploads\/2022\/08\/img_SH1_home-300x213.jpg 300w, https:\/\/toulouseweb.com.br\/3e\/wp-content\/uploads\/2022\/08\/img_SH1_home-768x545.jpg 768w, https:\/\/toulouseweb.com.br\/3e\/wp-content\/uploads\/2022\/08\/img_SH1_home-571x406.jpg 571w, https:\/\/toulouseweb.com.br\/3e\/wp-content\/uploads\/2022\/08\/img_SH1_home-371x263.jpg 371w, https:\/\/toulouseweb.com.br\/3e\/wp-content\/uploads\/2022\/08\/img_SH1_home-271x192.jpg 271w\" sizes=\"(max-width: 987px) 100vw, 987px\" \/><\/div>[vc_column_text]Desenvolvemos Sites e Software sob medida, ajudando nossos clientes com solu\u00e7\u00f5es digitais criativas, desej\u00e1veis, tecnologicamente poss\u00edveis e financeiramente vi\u00e1veis.[\/vc_column_text][\/vc_column][\/vc_row][vc_row color=&#8221;color4&#8243; bg_color=&#8221;&#8221;][vc_column width=&#8221;1\/1&#8243;]<a class=\"ish-sc-element ish-sc_button ish-small ish-color11 ish-text-color3 ish-fullwidth ish-center\" href=\"https:\/\/toulouseweb.com.br\/3e\/servicos\/\" title=\"Servicos\">SAIBA MAIS<\/a>[\/vc_column][\/vc_row][vc_row section=&#8221;yes&#8221; full_width=&#8221;full&#8221; parallax=&#8221;static&#8221; vertical_align=&#8221;middle&#8221; bg_color=&#8221;&#8221; bg_image=&#8221;35&#8243;][vc_column width=&#8221;1\/1&#8243;]<div class=\"ish-sc-element ish-sc_box ish-color20 ish-text-color4\"><p>[vc_row_inner][vc_column_inner width=&#8221;1\/1&#8243;][vc_column_text]<\/p>\n<h3 style=\"text-align: center;\"><span style=\"color: #ffffff;\">Experi\u00eancia e Efici\u00eancia aplicada \u00e0 Evolu\u00e7\u00e3o do seu Neg\u00f3cio<\/span><\/h3>\n<p>[\/vc_column_text][\/vc_column_inner][\/vc_row_inner]<\/p>\n<\/div><div class=\"ish-sc-element ish-sc_divider\"><\/div><div class=\"ish-sc-element ish-sc_divider\"><\/div><div class=\"ish-sc-element ish-sc_divider\"><\/div><div class=\"ish-sc-element ish-sc_divider\"><\/div><div class=\"ish-sc-element ish-sc_divider\"><\/div><div class=\"ish-sc-element ish-sc_divider\"><\/div><h1 class=\"ish-sc-element ish-sc_headline ish-color4\"><\/p>\n<h1 style=\"text-align: center;\"><span style=\"color: #ffffff;\">Experience<\/span><\/h1>\n<h1 style=\"text-align: center;\"><span style=\"color: #ffffff;\">Efficiency and<\/span><\/h1>\n<h1 style=\"text-align: center;\"><span style=\"color: #ffffff;\">Engagement<\/span><\/h1>\n<p><\/h1><div class=\"ish-sc-element ish-sc_divider\"><\/div><div class=\"ish-sc-element ish-sc_divider\"><\/div><div class=\"ish-sc-element ish-sc_divider\"><\/div><div class=\"ish-sc-element ish-sc_divider\"><\/div><div class=\"ish-sc-element ish-sc_divider\"><\/div><div class=\"ish-sc-element ish-sc_divider\"><\/div>[\/vc_column][\/vc_row]<\/p>\n","protected":false},"excerpt":{"rendered":"<p>[vc_row section=&#8221;yes&#8221; full_width=&#8221;full&#8221; bg_color=&#8221;&#8221;][vc_column width=&#8221;1\/1&#8243;][\/vc_column][\/vc_row][vc_row section=&#8221;yes&#8221; full_width=&#8221;padding&#8221; color=&#8221;color3&#8243; text_color=&#8221;color1&#8243; bg_color=&#8221;&#8221;][vc_column width=&#8221;2\/3&#8243;][vc_column_text]Somos uma equipe com vasta\u00a0Experi\u00eancia\u00a0em implanta\u00e7\u00f5es de solu\u00e7\u00f5es de\u00a0CRM, BI\u00a0e\u00a0Gest\u00e3o de Campanhas no BRASIL, EUA e outros pa\u00edses da AM\u00c9RICA LATINA.[\/vc_column_text][\/vc_column][vc_column width=&#8221;1\/3&#8243;][\/vc_column][\/vc_row][vc_row section=&#8221;yes&#8221; full_width=&#8221;padding&#8221; color=&#8221;color4&#8243; bg_color=&#8221;&#8221;][vc_column width=&#8221;1\/3&#8243;][vc_column_text]Que tal ter um sistema de informa\u00e7\u00f5es simples, \u00e1gil e f\u00e1cil de usar, mas que te traga todas as [&hellip;]<\/p>\n","protected":false},"author":1,"featured_media":0,"parent":0,"menu_order":0,"comment_status":"closed","ping_status":"closed","template":"","meta":{"om_disable_all_campaigns":false,"_mi_skip_tracking":false},"aioseo_notices":[],"_links":{"self":[{"href":"https:\/\/toulouseweb.com.br\/3e\/wp-json\/wp\/v2\/pages\/9"}],"collection":[{"href":"https:\/\/toulouseweb.com.br\/3e\/wp-json\/wp\/v2\/pages"}],"about":[{"href":"https:\/\/toulouseweb.com.br\/3e\/wp-json\/wp\/v2\/types\/page"}],"author":[{"embeddable":true,"href":"https:\/\/toulouseweb.com.br\/3e\/wp-json\/wp\/v2\/users\/1"}],"replies":[{"embeddable":true,"href":"https:\/\/toulouseweb.com.br\/3e\/wp-json\/wp\/v2\/comments?post=9"}],"version-history":[{"count":16,"href":"https:\/\/toulouseweb.com.br\/3e\/wp-json\/wp\/v2\/pages\/9\/revisions"}],"predecessor-version":[{"id":54,"href":"https:\/\/toulouseweb.com.br\/3e\/wp-json\/wp\/v2\/pages\/9\/revisions\/54"}],"wp:attachment":[{"href":"https:\/\/toulouseweb.com.br\/3e\/wp-json\/wp\/v2\/media?parent=9"}],"curies":[{"name":"wp","href":"https:\/\/api.w.org\/{rel}","templated":true}]}}